{"id":676,"date":"2023-09-09T15:45:00","date_gmt":"2023-09-09T15:45:00","guid":{"rendered":"https:\/\/optimosseguros.com\/?page_id=676"},"modified":"2023-09-11T23:38:41","modified_gmt":"2023-09-11T23:38:41","slug":"hogar","status":"publish","type":"page","link":"https:\/\/optimosseguros.com\/index.php\/hogar\/","title":{"rendered":"Hogar"},"content":{"rendered":"\t\t<div data-elementor-type=\"wp-page\" data-elementor-id=\"676\" class=\"elementor elementor-676\">\n\t\t\t\t\t\t<section class=\"elementor-section elementor-top-section elementor-element elementor-element-bca7a28 elementor-section-boxed elementor-section-height-default elementor-section-height-default wpr-particle-no wpr-jarallax-no wpr-parallax-no wpr-sticky-section-no\" data-id=\"bca7a28\" data-element_type=\"section\" data-e-type=\"section\" data-settings=\"{&quot;background_background&quot;:&quot;classic&quot;}\">\n\t\t\t\t\t\t<div class=\"elementor-container elementor-column-gap-default\">\n\t\t\t\t\t<div class=\"elementor-column elementor-col-100 elementor-top-column elementor-element elementor-element-da112c6\" data-id=\"da112c6\" data-element_type=\"column\" data-e-type=\"column\">\n\t\t\t<div class=\"elementor-widget-wrap elementor-element-populated\">\n\t\t\t\t\t\t<section class=\"elementor-section elementor-inner-section elementor-element elementor-element-79f9d52d elementor-section-boxed elementor-section-height-default elementor-section-height-default wpr-particle-no wpr-jarallax-no wpr-parallax-no wpr-sticky-section-no\" data-id=\"79f9d52d\" data-element_type=\"section\" data-e-type=\"section\" data-settings=\"{&quot;background_background&quot;:&quot;classic&quot;}\">\n\t\t\t\t\t\t<div class=\"elementor-container elementor-column-gap-default\">\n\t\t\t\t\t<div class=\"elementor-column elementor-col-33 elementor-inner-column elementor-element elementor-element-22eb7382\" data-id=\"22eb7382\" data-element_type=\"column\" data-e-type=\"column\">\n\t\t\t<div class=\"elementor-widget-wrap elementor-element-populated\">\n\t\t\t\t\t\t<div class=\"elementor-element elementor-element-652c58b2 elementor-widget-tablet__width-initial wpr-logo-position-center elementor-widget elementor-widget-wpr-logo\" data-id=\"652c58b2\" data-element_type=\"widget\" data-e-type=\"widget\" data-widget_type=\"wpr-logo.default\">\n\t\t\t\t<div class=\"elementor-widget-container\">\n\t\t\t\t\t\t\t\t\n\t\t\t<div class=\"wpr-logo elementor-clearfix\">\n\n\t\t\t\t\t\t\t\t<picture class=\"wpr-logo-image\">\n\t\t\t\t\t\t\t\t\t\t<source media=\"(max-width: 767px)\" srcset=\"https:\/\/optimosseguros.com\/wp-content\/uploads\/2023\/08\/1ER-PROPUESTA-LOG-1_Mesa-de-trabajo-1-copia-2.png\">\t\n\t\t\t\t\t\n\t\t\t\t\t\t\t\t\t\t<source srcset=\"https:\/\/optimosseguros.com\/wp-content\/uploads\/2023\/08\/1ER-PROPUESTA-LOG-1_Mesa-de-trabajo-1-copia-2.png 1x, https:\/\/optimosseguros.com\/wp-content\/uploads\/2023\/08\/1ER-PROPUESTA-LOG-1_Mesa-de-trabajo-1-copia-2.png 2x\">\t\n\t\t\t\t\t\t\t\t\t\t\n\t\t\t\t\t<img decoding=\"async\" src=\"https:\/\/optimosseguros.com\/wp-content\/uploads\/2023\/08\/1ER-PROPUESTA-LOG-1_Mesa-de-trabajo-1-copia-2.png\" alt=\"\">\n\n\t\t\t\t\t\t\t\t\t\t\t<a class=\"wpr-logo-url\" rel=\"home\" aria-label=\"\" href=\"https:\/\/optimosseguros.com\/\"><\/a>\n\t\t\t\t\t\t\t\t\t<\/picture>\n\t\t\t\t\n\t\t\t\t\n\t\t\t\t\t\t\t\t\t<a class=\"wpr-logo-url\" rel=\"home\" aria-label=\"\" href=\"https:\/\/optimosseguros.com\/\"><\/a>\n\t\t\t\t\n\t\t\t<\/div>\n\t\t\t\t\n\t\t\t\t\t\t<\/div>\n\t\t\t\t<\/div>\n\t\t\t\t\t<\/div>\n\t\t<\/div>\n\t\t\t\t<div class=\"elementor-column elementor-col-33 elementor-inner-column elementor-element elementor-element-5162b88b\" data-id=\"5162b88b\" data-element_type=\"column\" data-e-type=\"column\">\n\t\t\t<div class=\"elementor-widget-wrap elementor-element-populated\">\n\t\t\t\t\t\t<div class=\"elementor-element elementor-element-2a9ad85 wpr-main-menu-align-right wpr-sub-icon-angle-down wpr-mobile-toggle-v3 wpr-main-menu-align--tabletright elementor-widget__width-initial elementor-widget-tablet__width-initial wpr-main-menu-align--mobileleft wpr-pointer-underline wpr-pointer-line-fx wpr-pointer-fx-fade wpr-sub-menu-fx-fade wpr-nav-menu-bp-mobile wpr-mobile-menu-full-width wpr-mobile-menu-item-align-center wpr-mobile-divider-yes elementor-widget elementor-widget-wpr-nav-menu\" data-id=\"2a9ad85\" data-element_type=\"widget\" data-e-type=\"widget\" data-settings=\"{&quot;menu_layout&quot;:&quot;horizontal&quot;}\" data-widget_type=\"wpr-nav-menu.default\">\n\t\t\t\t<div class=\"elementor-widget-container\">\n\t\t\t\t\t<nav class=\"wpr-nav-menu-container wpr-nav-menu-horizontal\" data-trigger=\"hover\"><ul id=\"menu-1-2a9ad85\" class=\"wpr-nav-menu\"><li class=\"menu-item menu-item-type-post_type menu-item-object-page menu-item-home menu-item-75\"><a href=\"https:\/\/optimosseguros.com\/\" class=\"wpr-menu-item wpr-pointer-item\">Inicio<\/a><\/li>\n<li class=\"menu-item menu-item-type-post_type menu-item-object-page menu-item-79\"><a href=\"https:\/\/optimosseguros.com\/index.php\/quienes-somos\/\" class=\"wpr-menu-item wpr-pointer-item\">Qu\u00edenes somos<\/a><\/li>\n<li class=\"menu-item menu-item-type-post_type menu-item-object-page menu-item-78\"><a href=\"https:\/\/optimosseguros.com\/index.php\/noticias\/\" class=\"wpr-menu-item wpr-pointer-item\">Noticias<\/a><\/li>\n<li class=\"menu-item menu-item-type-custom menu-item-object-custom menu-item-has-children menu-item-633\"><a aria-haspopup=\"true\" aria-expanded=\"false\" href=\"#\" class=\"wpr-menu-item wpr-pointer-item\">Seguros<i class=\"wpr-sub-icon fas\" aria-hidden=\"true\"><\/i><\/a>\n<ul class=\"sub-menu wpr-sub-menu\">\n\t<li class=\"menu-item menu-item-type-custom menu-item-object-custom menu-item-has-children menu-item-631\"><a aria-haspopup=\"true\" aria-expanded=\"false\" href=\"#\" class=\"wpr-sub-menu-item\">Personas<i class=\"wpr-sub-icon fas wpr-sub-icon-rotate\" aria-hidden=\"true\"><\/i><\/a>\n\t<ul class=\"sub-menu wpr-sub-menu\">\n\t\t<li class=\"menu-item menu-item-type-custom menu-item-object-custom menu-item-has-children menu-item-634\"><a aria-haspopup=\"true\" aria-expanded=\"false\" href=\"#\" class=\"wpr-sub-menu-item\">Tu Patrimonio<i class=\"wpr-sub-icon fas wpr-sub-icon-rotate\" aria-hidden=\"true\"><\/i><\/a>\n\t\t<ul class=\"sub-menu wpr-sub-menu\">\n\t\t\t<li class=\"menu-item menu-item-type-post_type menu-item-object-page menu-item-415\"><a href=\"https:\/\/optimosseguros.com\/index.php\/autos\/\" class=\"wpr-sub-menu-item\">Autos<\/a><\/li>\n\t\t\t<li class=\"menu-item menu-item-type-post_type menu-item-object-page menu-item-831\"><a href=\"https:\/\/optimosseguros.com\/index.php\/hogar\/\" class=\"wpr-sub-menu-item\">Hogar<\/a><\/li>\n\t\t\t<li class=\"menu-item menu-item-type-post_type menu-item-object-page menu-item-731\"><a href=\"https:\/\/optimosseguros.com\/index.php\/incendio\/\" class=\"wpr-sub-menu-item\">Incendio<\/a><\/li>\n\t\t\t<li class=\"menu-item menu-item-type-post_type menu-item-object-page menu-item-416\"><a href=\"https:\/\/optimosseguros.com\/index.php\/seguros-de-vida\/\" class=\"wpr-sub-menu-item\">Vida<\/a><\/li>\n\t\t<\/ul>\n<\/li>\n\t\t<li class=\"menu-item menu-item-type-post_type menu-item-object-page menu-item-830\"><a href=\"https:\/\/optimosseguros.com\/index.php\/tu-y-tu-familia\/\" class=\"wpr-sub-menu-item\">T\u00fa y tu familia<\/a><\/li>\n\t<\/ul>\n<\/li>\n\t<li class=\"menu-item menu-item-type-custom menu-item-object-custom menu-item-has-children menu-item-632\"><a aria-haspopup=\"true\" aria-expanded=\"false\" href=\"#\" class=\"wpr-sub-menu-item\">Empresas<i class=\"wpr-sub-icon fas wpr-sub-icon-rotate\" aria-hidden=\"true\"><\/i><\/a>\n\t<ul class=\"sub-menu wpr-sub-menu\">\n\t\t<li class=\"menu-item menu-item-type-post_type menu-item-object-page menu-item-732\"><a href=\"https:\/\/optimosseguros.com\/index.php\/patrimonio\/\" class=\"wpr-sub-menu-item\">Patrimonio<\/a><\/li>\n\t\t<li class=\"menu-item menu-item-type-post_type menu-item-object-page menu-item-734\"><a href=\"https:\/\/optimosseguros.com\/index.php\/personas\/\" class=\"wpr-sub-menu-item\">Personas<\/a><\/li>\n\t\t<li class=\"menu-item menu-item-type-post_type menu-item-object-page menu-item-735\"><a href=\"https:\/\/optimosseguros.com\/index.php\/financiero-2\/\" class=\"wpr-sub-menu-item\">Financiero<\/a><\/li>\n\t<\/ul>\n<\/li>\n<\/ul>\n<\/li>\n<li class=\"menu-item menu-item-type-post_type menu-item-object-page menu-item-746\"><a href=\"https:\/\/optimosseguros.com\/index.php\/porque-tener-un-seguro\/\" class=\"wpr-menu-item wpr-pointer-item\">\u00bfPorqu\u00e9 tener un seguro?<\/a><\/li>\n<li class=\"menu-item menu-item-type-post_type menu-item-object-page menu-item-80\"><a href=\"https:\/\/optimosseguros.com\/index.php\/contacto\/\" class=\"wpr-menu-item wpr-pointer-item\">Contacto<\/a><\/li>\n<\/ul><\/nav><nav class=\"wpr-mobile-nav-menu-container\"><div class=\"wpr-mobile-toggle-wrap\"><div class=\"wpr-mobile-toggle\"><span class=\"wpr-mobile-toggle-line\"><\/span><span class=\"wpr-mobile-toggle-line\"><\/span><span class=\"wpr-mobile-toggle-line\"><\/span><\/div><\/div><ul id=\"mobile-menu-2-2a9ad85\" class=\"wpr-mobile-nav-menu\"><li class=\"menu-item menu-item-type-post_type menu-item-object-page menu-item-home menu-item-75\"><a href=\"https:\/\/optimosseguros.com\/\" class=\"wpr-mobile-menu-item\">Inicio<\/a><\/li>\n<li class=\"menu-item menu-item-type-post_type menu-item-object-page menu-item-79\"><a href=\"https:\/\/optimosseguros.com\/index.php\/quienes-somos\/\" class=\"wpr-mobile-menu-item\">Qu\u00edenes somos<\/a><\/li>\n<li class=\"menu-item menu-item-type-post_type menu-item-object-page menu-item-78\"><a href=\"https:\/\/optimosseguros.com\/index.php\/noticias\/\" class=\"wpr-mobile-menu-item\">Noticias<\/a><\/li>\n<li class=\"menu-item menu-item-type-custom menu-item-object-custom menu-item-has-children menu-item-633\"><a href=\"#\" class=\"wpr-mobile-menu-item\">Seguros<\/a>\n<ul class=\"sub-menu wpr-sub-menu\">\n\t<li class=\"menu-item menu-item-type-custom menu-item-object-custom menu-item-has-children menu-item-631\"><a href=\"#\" class=\"wpr-mobile-sub-menu-item\">Personas<\/a>\n\t<ul class=\"sub-menu wpr-sub-menu\">\n\t\t<li class=\"menu-item menu-item-type-custom menu-item-object-custom menu-item-has-children menu-item-634\"><a href=\"#\" class=\"wpr-mobile-sub-menu-item\">Tu Patrimonio<\/a>\n\t\t<ul class=\"sub-menu wpr-sub-menu\">\n\t\t\t<li class=\"menu-item menu-item-type-post_type menu-item-object-page menu-item-415\"><a href=\"https:\/\/optimosseguros.com\/index.php\/autos\/\" class=\"wpr-mobile-sub-menu-item\">Autos<\/a><\/li>\n\t\t\t<li class=\"menu-item menu-item-type-post_type menu-item-object-page menu-item-831\"><a href=\"https:\/\/optimosseguros.com\/index.php\/hogar\/\" class=\"wpr-mobile-sub-menu-item\">Hogar<\/a><\/li>\n\t\t\t<li class=\"menu-item menu-item-type-post_type menu-item-object-page menu-item-731\"><a href=\"https:\/\/optimosseguros.com\/index.php\/incendio\/\" class=\"wpr-mobile-sub-menu-item\">Incendio<\/a><\/li>\n\t\t\t<li class=\"menu-item menu-item-type-post_type menu-item-object-page menu-item-416\"><a href=\"https:\/\/optimosseguros.com\/index.php\/seguros-de-vida\/\" class=\"wpr-mobile-sub-menu-item\">Vida<\/a><\/li>\n\t\t<\/ul>\n<\/li>\n\t\t<li class=\"menu-item menu-item-type-post_type menu-item-object-page menu-item-830\"><a href=\"https:\/\/optimosseguros.com\/index.php\/tu-y-tu-familia\/\" class=\"wpr-mobile-sub-menu-item\">T\u00fa y tu familia<\/a><\/li>\n\t<\/ul>\n<\/li>\n\t<li class=\"menu-item menu-item-type-custom menu-item-object-custom menu-item-has-children menu-item-632\"><a href=\"#\" class=\"wpr-mobile-sub-menu-item\">Empresas<\/a>\n\t<ul class=\"sub-menu wpr-sub-menu\">\n\t\t<li class=\"menu-item menu-item-type-post_type menu-item-object-page menu-item-732\"><a href=\"https:\/\/optimosseguros.com\/index.php\/patrimonio\/\" class=\"wpr-mobile-sub-menu-item\">Patrimonio<\/a><\/li>\n\t\t<li class=\"menu-item menu-item-type-post_type menu-item-object-page menu-item-734\"><a href=\"https:\/\/optimosseguros.com\/index.php\/personas\/\" class=\"wpr-mobile-sub-menu-item\">Personas<\/a><\/li>\n\t\t<li class=\"menu-item menu-item-type-post_type menu-item-object-page menu-item-735\"><a href=\"https:\/\/optimosseguros.com\/index.php\/financiero-2\/\" class=\"wpr-mobile-sub-menu-item\">Financiero<\/a><\/li>\n\t<\/ul>\n<\/li>\n<\/ul>\n<\/li>\n<li class=\"menu-item menu-item-type-post_type menu-item-object-page menu-item-746\"><a href=\"https:\/\/optimosseguros.com\/index.php\/porque-tener-un-seguro\/\" class=\"wpr-mobile-menu-item\">\u00bfPorqu\u00e9 tener un seguro?<\/a><\/li>\n<li class=\"menu-item menu-item-type-post_type menu-item-object-page menu-item-80\"><a href=\"https:\/\/optimosseguros.com\/index.php\/contacto\/\" class=\"wpr-mobile-menu-item\">Contacto<\/a><\/li>\n<\/ul><\/nav>\t\t\t\t<\/div>\n\t\t\t\t<\/div>\n\t\t\t\t\t<\/div>\n\t\t<\/div>\n\t\t\t\t<div class=\"elementor-column elementor-col-33 elementor-inner-column elementor-element elementor-element-70dc7dfc\" data-id=\"70dc7dfc\" data-element_type=\"column\" data-e-type=\"column\">\n\t\t\t<div class=\"elementor-widget-wrap elementor-element-populated\">\n\t\t\t\t\t\t<div class=\"elementor-element elementor-element-263fa22f wpr-button-icon-style-inline elementor-widget elementor-widget-wpr-button\" data-id=\"263fa22f\" data-element_type=\"widget\" data-e-type=\"widget\" data-widget_type=\"wpr-button.default\">\n\t\t\t\t<div class=\"elementor-widget-container\">\n\t\t\t\t\t\t\n\t\t\t\n\t\t\n\t\t<div class=\"wpr-button-wrap elementor-clearfix\">\n\t\t<a class=\"wpr-button wpr-button-effect elementor-animation-bounce-in\" data-text=\"\" href=\"https:\/\/web.whatsapp.com\/send?phone=573165224575&#038;text=%C2%A1Hola!%20Estoy%20interesado%20en%20un%20Seguro.\">\n\t\t\t\n\t\t\t<span class=\"wpr-button-content\">\n\t\t\t\t\t\t\t\t\n\t\t\t\t\t\t\t\t\t<span class=\"wpr-button-icon\"><i class=\"fab fa-whatsapp\"><\/i><\/span>\n\t\t\t\t\t\t\t<\/span>\n\t\t<\/a>\n\n\t\t\t\t<\/div>\n\t\n\t\n\t\t\t\t\t<\/div>\n\t\t\t\t<\/div>\n\t\t\t\t\t<\/div>\n\t\t<\/div>\n\t\t\t\t\t<\/div>\n\t\t<\/section>\n\t\t\t\t\t<\/div>\n\t\t<\/div>\n\t\t\t\t\t<\/div>\n\t\t<\/section>\n\t\t\t\t<section class=\"elementor-section elementor-top-section elementor-element elementor-element-2d7de0dd0 elementor-section-height-min-height elementor-section-boxed elementor-section-height-default elementor-section-items-middle wpr-particle-no wpr-jarallax-no wpr-parallax-no wpr-sticky-section-no\" data-id=\"2d7de0dd0\" data-element_type=\"section\" data-e-type=\"section\" data-settings=\"{&quot;background_background&quot;:&quot;classic&quot;,&quot;shape_divider_bottom&quot;:&quot;tilt&quot;}\">\n\t\t\t\t\t\t\t<div class=\"elementor-background-overlay\"><\/div>\n\t\t\t\t\t\t<div class=\"elementor-shape elementor-shape-bottom\" aria-hidden=\"true\" data-negative=\"false\">\n\t\t\t<svg xmlns=\"http:\/\/www.w3.org\/2000\/svg\" viewBox=\"0 0 1000 100\" preserveAspectRatio=\"none\">\n\t<path class=\"elementor-shape-fill\" d=\"M0,6V0h1000v100L0,6z\"\/>\n<\/svg>\t\t<\/div>\n\t\t\t\t\t<div class=\"elementor-container elementor-column-gap-default\">\n\t\t\t\t\t<div class=\"elementor-column elementor-col-100 elementor-top-column elementor-element elementor-element-6b177c3c\" data-id=\"6b177c3c\" data-element_type=\"column\" data-e-type=\"column\">\n\t\t\t<div class=\"elementor-widget-wrap elementor-element-populated\">\n\t\t\t\t\t\t<div class=\"elementor-element elementor-element-18a33b72 elementor-widget elementor-widget-heading\" data-id=\"18a33b72\" data-element_type=\"widget\" data-e-type=\"widget\" data-widget_type=\"heading.default\">\n\t\t\t\t<div class=\"elementor-widget-container\">\n\t\t\t\t\t<h2 class=\"elementor-heading-title elementor-size-default\">HOGAR<\/h2>\t\t\t\t<\/div>\n\t\t\t\t<\/div>\n\t\t\t\t<div class=\"elementor-element elementor-element-25766690 elementor-widget elementor-widget-heading\" data-id=\"25766690\" data-element_type=\"widget\" data-e-type=\"widget\" data-widget_type=\"heading.default\">\n\t\t\t\t<div class=\"elementor-widget-container\">\n\t\t\t\t\t<h2 class=\"elementor-heading-title elementor-size-default\">tu tranquilidad en nuestras manos<\/h2>\t\t\t\t<\/div>\n\t\t\t\t<\/div>\n\t\t\t\t\t<\/div>\n\t\t<\/div>\n\t\t\t\t\t<\/div>\n\t\t<\/section>\n\t\t\t\t<section class=\"elementor-section elementor-top-section elementor-element elementor-element-4fc2062b elementor-section-boxed elementor-section-height-default elementor-section-height-default wpr-particle-no wpr-jarallax-no wpr-parallax-no wpr-sticky-section-no\" data-id=\"4fc2062b\" data-element_type=\"section\" data-e-type=\"section\">\n\t\t\t\t\t\t<div class=\"elementor-container elementor-column-gap-default\">\n\t\t\t\t\t<div class=\"elementor-column elementor-col-100 elementor-top-column elementor-element elementor-element-339a1fd0\" data-id=\"339a1fd0\" data-element_type=\"column\" data-e-type=\"column\">\n\t\t\t<div class=\"elementor-widget-wrap elementor-element-populated\">\n\t\t\t\t\t\t<div class=\"elementor-element elementor-element-21c8aea8 elementor-widget elementor-widget-heading\" data-id=\"21c8aea8\" data-element_type=\"widget\" data-e-type=\"widget\" data-widget_type=\"heading.default\">\n\t\t\t\t<div class=\"elementor-widget-container\">\n\t\t\t\t\t<h2 class=\"elementor-heading-title elementor-size-default\">Conoce nuestro portafolio<\/h2>\t\t\t\t<\/div>\n\t\t\t\t<\/div>\n\t\t\t\t<section class=\"elementor-section elementor-inner-section elementor-element elementor-element-7e01c2ae elementor-section-boxed elementor-section-height-default elementor-section-height-default wpr-particle-no wpr-jarallax-no wpr-parallax-no wpr-sticky-section-no\" data-id=\"7e01c2ae\" data-element_type=\"section\" data-e-type=\"section\">\n\t\t\t\t\t\t<div class=\"elementor-container elementor-column-gap-default\">\n\t\t\t\t\t<div class=\"elementor-column elementor-col-100 elementor-inner-column elementor-element elementor-element-688e37d3\" data-id=\"688e37d3\" data-element_type=\"column\" data-e-type=\"column\">\n\t\t\t<div class=\"elementor-widget-wrap elementor-element-populated\">\n\t\t\t\t\t\t<div class=\"elementor-element elementor-element-bc9c8b9 elementor-widget elementor-widget-image\" data-id=\"bc9c8b9\" data-element_type=\"widget\" data-e-type=\"widget\" data-widget_type=\"image.default\">\n\t\t\t\t<div class=\"elementor-widget-container\">\n\t\t\t\t\t\t\t\t\t\t\t\t\t\t\t<img fetchpriority=\"high\" decoding=\"async\" width=\"800\" height=\"534\" src=\"https:\/\/optimosseguros.com\/wp-content\/uploads\/2023\/08\/mano-primer-plano-papel-cortado-concepto-familiar-01-1024x683.jpg\" class=\"attachment-large size-large wp-image-540\" alt=\"\" srcset=\"https:\/\/optimosseguros.com\/wp-content\/uploads\/2023\/08\/mano-primer-plano-papel-cortado-concepto-familiar-01-1024x683.jpg 1024w, https:\/\/optimosseguros.com\/wp-content\/uploads\/2023\/08\/mano-primer-plano-papel-cortado-concepto-familiar-01-300x200.jpg 300w, https:\/\/optimosseguros.com\/wp-content\/uploads\/2023\/08\/mano-primer-plano-papel-cortado-concepto-familiar-01-768x512.jpg 768w, https:\/\/optimosseguros.com\/wp-content\/uploads\/2023\/08\/mano-primer-plano-papel-cortado-concepto-familiar-01-1536x1024.jpg 1536w, https:\/\/optimosseguros.com\/wp-content\/uploads\/2023\/08\/mano-primer-plano-papel-cortado-concepto-familiar-01-2048x1365.jpg 2048w, https:\/\/optimosseguros.com\/wp-content\/uploads\/2023\/08\/mano-primer-plano-papel-cortado-concepto-familiar-01-600x400.jpg 600w\" sizes=\"(max-width: 800px) 100vw, 800px\" \/>\t\t\t\t\t\t\t\t\t\t\t\t\t\t\t<\/div>\n\t\t\t\t<\/div>\n\t\t\t\t<div class=\"elementor-element elementor-element-651791c wpr-promo-box-style-cover elementor-widget elementor-widget-wpr-promo-box\" data-id=\"651791c\" data-element_type=\"widget\" data-e-type=\"widget\" data-widget_type=\"wpr-promo-box.default\">\n\t\t\t\t<div class=\"elementor-widget-container\">\n\t\t\t\t\t\n\t\t<div class=\"wpr-promo-box wpr-animation-wrap\">\n\n\t\t\t\t\t\t<a class=\"wpr-promo-box-link\" href=\"#\"><\/a>\t\n\t\t\t\t\t\t\t\n\t\t\t\t\t\t\t<div class=\"wpr-promo-box-image\">\n\t\t\t\t\t<div class=\"wpr-promo-box-bg-image wpr-bg-anim-zoom-in wpr-anim-timing-ease-default\" style=\"background-image:url(https:\/\/optimosseguros.com\/wp-content\/uploads\/2023\/08\/placeholder-19.png);\"><\/div>\n\t\t\t\t\t<div class=\"wpr-promo-box-bg-overlay wpr-border-anim-jazz\"><\/div>\n\t\t\t\t<\/div>\n\t\t\t\t\t\t\n\t\t\t<div class=\"wpr-promo-box-content\">\n\n\t\t\t\t\t\t\t\t<div class=\"wpr-promo-box-icon\">\n\t\t\t\t\t\t\t\t\t<\/div>\n\t\t\t\t\n\t\t\t\t<h3 class=\"wpr-promo-box-title\"><span>BIENES INMUEBLES Y CONTENIDO: <\/span><\/h3>\n\t\t\t\t\t\t\t\t\t<div class=\"wpr-promo-box-description\">\n\t\t\t\t\t\t<p><p>El seguro de bienes inmuebles, tambi\u00e9n conocido como seguro de vivienda o seguro de propietario, es un tipo de p\u00f3liza de seguro que proporciona cobertura para la estructura f\u00edsica de una propiedad y sus componentes permanentes. Esto incluye la protecci\u00f3n contra da\u00f1os o p\u00e9rdidas causados por eventos como incendios, inundaciones, terremotos, tormentas, robos y otros riesgos. En esencia, este seguro protege la inversi\u00f3n en la propiedad en s\u00ed, incluyendo la casa o el edificio y sus sistemas (como fontaner\u00eda y electricidad). El seguro de contenido, por otro lado, es una p\u00f3liza de seguro dise\u00f1ada para proteger los objetos personales y muebles dentro de una propiedad. Esto incluye muebles, ropa, electrodom\u00e9sticos, equipos electr\u00f3nicos, joyas, arte y otros bienes personales. En caso de que ocurra un evento cubierto por la p\u00f3liza que cause da\u00f1os o p\u00e9rdidas a estos objetos (como un robo o un incendio), el seguro de contenido proporciona compensaci\u00f3n para reemplazar o reparar los art\u00edculos afectados.<\/p><\/p>\t\n\t\t\t\t\t<\/div>\t\t\t\t\t\t\n\t\t\t\t\n\t\t\t\t\t\t\t<\/div>\n\n\t\t\t\t\t<\/div>\n\n\t\t\t\t\t\t<\/div>\n\t\t\t\t<\/div>\n\t\t\t\t\t<\/div>\n\t\t<\/div>\n\t\t\t\t\t<\/div>\n\t\t<\/section>\n\t\t\t\t\t<\/div>\n\t\t<\/div>\n\t\t\t\t\t<\/div>\n\t\t<\/section>\n\t\t\t\t<\/div>\n\t\t","protected":false},"excerpt":{"rendered":"<p>Inicio Qu\u00edenes somos Noticias Seguros Personas Tu Patrimonio Autos Hogar Incendio Vida T\u00fa y tu familia Empresas Patrimonio Personas Financiero \u00bfPorqu\u00e9 tener un seguro? Contacto Inicio Qu\u00edenes somos Noticias Seguros Personas Tu Patrimonio Autos Hogar Incendio Vida T\u00fa y tu familia Empresas Patrimonio Personas Financiero \u00bfPorqu\u00e9 tener un seguro? Contacto HOGAR tu tranquilidad en nuestras manos Conoce nuestro portafolio BIENES INMUEBLES Y CONTENIDO: El seguro de bienes inmuebles, tambi\u00e9n conocido como seguro de vivienda o seguro de propietario, es un tipo de p\u00f3liza de seguro que proporciona cobertura para la estructura f\u00edsica de una propiedad y sus componentes permanentes. Esto incluye la protecci\u00f3n contra da\u00f1os o p\u00e9rdidas causados por eventos como incendios, inundaciones, terremotos, tormentas, robos y otros riesgos. En esencia, este seguro protege la inversi\u00f3n en la propiedad en s\u00ed, incluyendo la casa o el edificio y sus sistemas (como fontaner\u00eda y electricidad). El seguro de contenido, por otro lado, es una p\u00f3liza de seguro dise\u00f1ada para proteger los objetos personales y muebles dentro de una propiedad. Esto incluye muebles, ropa, electrodom\u00e9sticos, equipos electr\u00f3nicos, joyas, arte y otros bienes personales. En caso de que ocurra un evento cubierto por la p\u00f3liza que cause da\u00f1os o p\u00e9rdidas a estos objetos (como un robo o un incendio), el seguro de contenido proporciona compensaci\u00f3n para reemplazar o reparar los art\u00edculos afectados.<\/p>\n","protected":false},"author":1,"featured_media":0,"parent":0,"menu_order":0,"comment_status":"closed","ping_status":"closed","template":"","meta":{"om_disable_all_campaigns":false,"_monsterinsights_skip_tracking":false,"_monsterinsights_sitenote_active":false,"_monsterinsights_sitenote_note":"","_monsterinsights_sitenote_category":0,"footnotes":""},"class_list":["post-676","page","type-page","status-publish","hentry"],"aioseo_notices":[],"_links":{"self":[{"href":"https:\/\/optimosseguros.com\/index.php\/wp-json\/wp\/v2\/pages\/676"}],"collection":[{"href":"https:\/\/optimosseguros.com\/index.php\/wp-json\/wp\/v2\/pages"}],"about":[{"href":"https:\/\/optimosseguros.com\/index.php\/wp-json\/wp\/v2\/types\/page"}],"author":[{"embeddable":true,"href":"https:\/\/optimosseguros.com\/index.php\/wp-json\/wp\/v2\/users\/1"}],"replies":[{"embeddable":true,"href":"https:\/\/optimosseguros.com\/index.php\/wp-json\/wp\/v2\/comments?post=676"}],"version-history":[{"count":0,"href":"https:\/\/optimosseguros.com\/index.php\/wp-json\/wp\/v2\/pages\/676\/revisions"}],"wp:attachment":[{"href":"https:\/\/optimosseguros.com\/index.php\/wp-json\/wp\/v2\/media?parent=676"}],"curies":[{"name":"wp","href":"https:\/\/api.w.org\/{rel}","templated":true}]}}